{"id":2479,"date":"2024-07-18T02:15:53","date_gmt":"2024-07-18T02:15:53","guid":{"rendered":"https:\/\/rosianexpress.agencybusiness.ro\/?page_id=2479"},"modified":"2024-07-20T15:47:46","modified_gmt":"2024-07-20T15:47:46","slug":"delivery-policy","status":"publish","type":"page","link":"https:\/\/rosianexpress.agencybusiness.ro\/ro\/delivery-policy\/","title":{"rendered":"Politica livrare"},"content":{"rendered":"<section data-bb-version=\"5.0.1\" id=\"bt_bb_section69e002f43dcbb\" class=\"bt_bb_section bt_bb_color_scheme_1 bt_bb_layout_boxed_1200 bt_bb_vertical_align_top bt_bb_top_spacing_large bt_bb_bottom_spacing_large\" style=\"; --section-primary-color:#ffffff; --section-secondary-color:#191919;\" data-bt-override-class=\"{&quot;bt_bb_top_spacing_&quot;:{&quot;current_class&quot;:&quot;bt_bb_top_spacing_large&quot;,&quot;xxl&quot;:&quot;large&quot;},&quot;bt_bb_bottom_spacing_&quot;:{&quot;current_class&quot;:&quot;bt_bb_bottom_spacing_large&quot;,&quot;xxl&quot;:&quot;large&quot;}}\"><div class=\"bt_bb_background_image_holder_wrapper\"><div class=\"bt_bb_background_image_holder btLazyLoadBackground bt_bb_parallax\"  data-background_image_src=\"https:\/\/rosianexpress.agencybusiness.ro\/wp-content\/uploads\/2024\/07\/nws-2.png\" data-parallax=\"0.7\" data-parallax-offset=\"0\" data-parallax-zoom-start=\"1\" data-parallax-zoom-end=\"1\" data-parallax-blur-start=\"0\" data-parallax-blur-end=\"0\" data-parallax-opacity-start=\"1\" data-parallax-opacity-end=\"1\" style=\" background-image: url(&#039;https:\/\/rosianexpress.agencybusiness.ro\/wp-content\/plugins\/bold-page-builder\/img\/blank.gif&#039;);\"><\/div><\/div><div class=\"bt_bb_port\"><div class=\"bt_bb_cell\"><div class=\"bt_bb_cell_inner\"><div class=\"bt_bb_row\"  data-bt-override-class=\"{}\"><div class=\"bt_bb_row_holder\" ><div  class=\"bt_bb_column col-xxl-6 col-xl-6 bt_bb_vertical_align_top bt_bb_align_left bt_bb_padding_normal\"  data-width=\"6\" data-bt-override-class=\"{}\"><div class=\"bt_bb_column_content\"><div class=\"bt_bb_column_content_inner\"><div class=\"bt_bb_separator bt_bb_border_style_none bt_bb_top_spacing_medium\" data-bt-override-class=\"null\"><\/div><header data-bb-version=\"5.0.1\" class=\"bt_bb_headline bt_bb_dash_none bt_bb_size_normal bt_bb_align_inherit\" data-bt-override-class=\"{&quot;bt_bb_size_&quot;:{&quot;current_class&quot;:&quot;bt_bb_size_normal&quot;,&quot;xxl&quot;:&quot;normal&quot;},&quot;bt_bb_align_&quot;:{&quot;current_class&quot;:&quot;bt_bb_align_inherit&quot;,&quot;xxl&quot;:&quot;inherit&quot;}}\"><h1 class=\"bt_bb_headline_tag\"><span class=\"bt_bb_headline_content\"><span>Politica livrare<\/span><\/span><\/h1><\/header><\/div><\/div><\/div><div  class=\"bt_bb_column col-xxl-6 col-xl-6 bt_bb_vertical_align_top bt_bb_align_left bt_bb_padding_normal\"  data-width=\"6\" data-bt-override-class=\"{}\"><div class=\"bt_bb_column_content\"><div class=\"bt_bb_column_content_inner\"><\/div><\/div><\/div><\/div><\/div><\/div><!-- cell_inner --><\/div><!-- cell --><\/div><!-- port --><\/section><section data-bb-version=\"5.0.1\" id=\"bt_bb_section69e002f43e140\" class=\"bt_bb_section bt_bb_layout_boxed_1200\"  data-bt-override-class=\"null\"><div class=\"bt_bb_port\"><div class=\"bt_bb_cell\"><div class=\"bt_bb_cell_inner\"><div class=\"bt_bb_row\"  data-bt-override-class=\"{}\"><div class=\"bt_bb_row_holder\" ><div data-bb-version=\"5.0.1\"  class=\"bt_bb_column col-xxl-12 col-xl-12 col-xs-12 col-sm-12 col-md-12 col-lg-12 bt_bb_vertical_align_top bt_bb_align_left bt_bb_padding_normal\"  data-width=\"12\" data-bt-override-class=\"{}\"><div class=\"bt_bb_column_content\"><div class=\"bt_bb_column_content_inner\"><div data-bb-version=\"5.0.1\" class=\"bt_bb_separator bt_bb_border_style_none bt_bb_top_spacing_20 bt_bb_bottom_spacing_none\" data-bt-override-class=\"{&quot;bt_bb_top_spacing_&quot;:{&quot;current_class&quot;:&quot;bt_bb_top_spacing_20&quot;,&quot;xxl&quot;:&quot;20&quot;},&quot;bt_bb_bottom_spacing_&quot;:{&quot;current_class&quot;:&quot;bt_bb_bottom_spacing_none&quot;,&quot;xxl&quot;:&quot;none&quot;}}\"><\/div><\/div><\/div><\/div><\/div><\/div><\/div><!-- cell_inner --><\/div><!-- cell --><\/div><!-- port --><\/section><section data-bb-version=\"5.0.1\" id=\"bt_bb_section69e002f43e41e\" class=\"bt_bb_section bt_bb_layout_boxed_1200 bt_bb_vertical_align_top bt_bb_top_spacing_50 bt_bb_bottom_spacing_50\"  data-bt-override-class=\"{&quot;bt_bb_top_spacing_&quot;:{&quot;current_class&quot;:&quot;bt_bb_top_spacing_50&quot;,&quot;xxl&quot;:&quot;50&quot;},&quot;bt_bb_bottom_spacing_&quot;:{&quot;current_class&quot;:&quot;bt_bb_bottom_spacing_50&quot;,&quot;xxl&quot;:&quot;50&quot;}}\"><div class=\"bt_bb_port\"><div class=\"bt_bb_cell\"><div class=\"bt_bb_cell_inner\"><div class=\"bt_bb_row\"  data-bt-override-class=\"{}\"><div class=\"bt_bb_row_holder\" ><div data-bb-version=\"5.0.1\"  class=\"bt_bb_column col-xxl-12 col-xl-12 col-xs-12 col-sm-12 col-md-12 col-lg-12 bt_bb_vertical_align_top bt_bb_align_left bt_bb_padding_normal\"  data-width=\"12\" data-bt-override-class=\"{}\"><div class=\"bt_bb_column_content\"><div class=\"bt_bb_column_content_inner\"><div class=\"bt_bb_shortcode\"><!-- Breadcrumb NavXT 7.3.1 -->\n<span property=\"itemListElement\" typeof=\"ListItem\"><a property=\"item\" typeof=\"WebPage\" title=\"Go to Rosian Express.\" href=\"https:\/\/rosianexpress.agencybusiness.ro\/ro\" class=\"home\" ><span property=\"name\">Rosian Express<\/span><\/a><meta property=\"position\" content=\"1\"><\/span> &gt; <span property=\"itemListElement\" typeof=\"ListItem\"><a property=\"item\" typeof=\"WebPage\" title=\"Go to Blog.\" href=\"https:\/\/rosianexpress.agencybusiness.ro\/ro\/blog\/\" class=\"post-root post post-post\" aria-current=\"page\"><span property=\"name\">Blog<\/span><\/a><meta property=\"position\" content=\"2\"><\/span><\/div><\/div><\/div><\/div><\/div><\/div><\/div><!-- cell_inner --><\/div><!-- cell --><\/div><!-- port --><\/section><section data-bb-version=\"5.0.1\" id=\"bt_bb_section69e002f43f02d\" class=\"bt_bb_section bt_bb_layout_boxed_1200\"  data-bt-override-class=\"null\"><div class=\"bt_bb_port\"><div class=\"bt_bb_cell\"><div class=\"bt_bb_cell_inner\"><div class=\"bt_bb_row\"  data-bt-override-class=\"{}\"><div class=\"bt_bb_row_holder\" ><div data-bb-version=\"5.0.1\"  class=\"bt_bb_column col-xxl-12 col-xl-12 col-xs-12 col-sm-12 col-md-12 col-lg-12 bt_bb_vertical_align_top bt_bb_align_left bt_bb_padding_normal\"  data-width=\"12\" data-bt-override-class=\"{}\"><div class=\"bt_bb_column_content\"><div class=\"bt_bb_column_content_inner\"><div data-bb-version=\"5.0.1\"  class=\"bt_bb_text\" ><p><strong>Cum cumpar?<\/strong><\/p>\n<p><strong>Comanda pe site:<\/strong><\/p>\n<p>Va rugam ca inaintea efectuarii unei comenzi sa completati datele dumneavoastra de contact si adresa de livrare in sectiunea\u202fContul meu. Alegeti produsul dorit si apoi faceti click pe simbolul \u201cadauga in cos\u201d. Produsul va ajunge in cosul de cumparaturi.<\/p>\n<p>Pentru vizualizarea produselor alese faceti click pe\u202fcosul de cumparaturi. Pentru a trimite comanda faceti click pe \u201cTrimite comanda\u201d.<\/p>\n<p>Aveti posibilitatea sa vedeti istoricul comenzilor efectuate in sectiunea\u202fIstoric comenzi.<\/p>\n<p>La trimiterea comenzii, aveti urmatoarele posibilitati de livrare:<\/p>\n<p><strong>Livrarea prin curier\u202f<\/strong> -\u202fLivrarile se fac intre 1-3 zile lucratoare.<\/p>\n<p><strong>Ridicarea produselor de la fabrica<\/strong> -\u202fLa trimiterea comenzii, toate produsele vor fi automat rezervate din stoc, iar comanda va fi pregatita pentru livrare. Produsele sunt rezervate din stoc pentru maxim 5 zile lucratoare. Dupa acest interval, rezervarile se vor sterge automat.<\/p>\n<p><strong>Comanda telefonica:<\/strong><\/p>\n<p>Puteti comanda telefonic la numarul de telefon: +40269448002<\/p>\n<p><strong>Comanda la fabrica:<\/strong><\/p>\n<p>Se pot plasa comenzi si la sediul Rosian Express oricand in timpul programului de lucru, de luni pana vineri intre orele 9:00 si 15:00.<\/p>\n<p><strong>Disponibilitatea produselor<\/strong><\/p>\n<p>Stocul produselor este acualizat in permaneta.<\/p>\n<p><strong>Produsul este in stoc \/stoc limitat<\/strong> - Produsul se afla in stocul fizic al magazinului si poate fi achizitionat si livrat in aproximativ 1-3 zile lucratoare. Rezervarile din stoc se fac in urma trimiterii comenzii.<\/p>\n<p><strong>Produsul nu este in stoc<\/strong><\/p>\n<p>Toate comenzile sunt procesate in ordinea in care au fost plasate de catre clienti.<\/p>\n<p>Pentru orice modificari ale comenzii, te rugam sa ne contactezi telefonic la +40269448002 sau pe adresa de e-mail <a>contact@rosianexpress.ro<\/a> in cel mai scurt timp posibil.<\/p>\n<p>Produsele se livreaza in limita stocului disponibil. In cazul in care unul sau mai multe dintre produsele comandate nu se mai afla pe stoc, vei fi instiintat printr-un e-mail sau telefonic. Odata plasata comanda, numarul produselor comandate nu se poate modifica, recomandam sa anulati comanda plasata si sa faceti o comanda noua.<\/p>\n<p>Datorita sistemului automatizat de colectare si a procesarii rapide ale comenzilor,\u202f\u202fmodificarea acestora\u202fnu\u202feste posibila.\u202fVom incerca sa gasim solutii pentru fiecare situatie individuala.<\/p>\n<p>In cazul \u00een care o comand\u0103 este \u00een curs de expediere, aflata la curier,\u202fnu este posibil\u0103 modificarea acesteia.\u202fOrice ad\u0103ugare de produse\u202fla o comand\u0103 care este deja \u00eempachetat\u0103 sau expediat\u0103, va fi tratat\u0103 exclusiv ca o comand\u0103 nou\u0103.<\/p>\n<p>In cazul \u00een care cump\u0103r\u0103torul efectueaz\u0103 mai multe comenzi\u202fce urmeaz\u0103 a fi prelucrate \u00een aceea\u0219i zi, v\u00e2nz\u0103torul va prelucra \u0219i expedia comenzile individual.<\/p>\n<p>In perioadele aglomerate, de promotii speciale (sarbatori, reduceri de pret,\u202fBlack Friday, etc.) in care numarul comenzilor este foarte mare, pot aparea diferente in ceea ce priveste stocurile anumitor produse. Acestea vor fi eliminate din factura si nu vor fi achitate de catre client. E-mailul trimis de sistem in momentul plasarii comenzii online nu reprezinta obligatie contractuala, aceste comenzi putand fi modificate in functie de stocurile existente la data intocmirii coletelor.<\/p>\n<p>Factura fiscal\u0103 poate fi trimis\u0103 \u00een format electronic (Legea 571\/2003) pe adresa de e-mail furnizat\u0103, nefiind necesar\u0103 stampilarea \u0219i semnarea acesteia. Clientul poate solicita oric\u00e2nd la un moment ulterior factura \u00een format tip\u0103rit, semnat\u0103 \u0219i \u0219tampilat\u0103, dac\u0103 activitatea prestat\u0103 impune acest lucru (persoan\u0103 juridic\u0103) sau pur \u0219i simplu se dore\u0219te p\u0103strarea facturii in format tip\u0103rit.<\/p>\n<p>Va rugam sa verificati datele de contact inainte de finalizarea comenzii. Adresa de livrare sau numarul de telefon incorect introduse pot intarzia livrarea comenzii sau pierderea acesteia.<\/p>\n<p><strong>Cum platesc?<\/strong><\/p>\n<p><strong>Taxa de transport:<\/strong> Costul transportului este specificat in cazul fiecarei comenzi si este suportat de catre client.<\/p>\n<p><strong>Plata prin virament bancar (ordin de plata).<\/strong> Pentru aceasta modalitate de plata se emite factura proforma. Livrarea marfii se face dupa intrarea intregii sume in contul S.C. Rosian Express S.R.L.<\/p>\n<p><strong>Plata online cu cardul (Netopia Payments):<\/strong> Daca ai ales metoda de plata online prin card bancar este necesar sa completezi un formular cu informatiile despre cardul tau (Visa\/MasterCard), in pagina securizata a procesatorului de plati Netopia Payments.<\/p>\n<p><strong>Plata ramburs (platiti cand ridicati coletul).<\/strong> Chitanta va fi emisa de catre curier.<\/p>\n<p><strong>Politica de livrare<\/strong><\/p>\n<p><strong>LIVRARE PRIN CURIER PE TERITORIUL ROMANIEI<\/strong><\/p>\n<p>Trasportul este asigurat de un serviciu de curier rapid pe teritoriul Romaniei.<\/p>\n<p>Mentiunile cu privire la eventualele probleme privind integritatea\/continutul unor colete se fac in momentul livrarii pe AWB sau se intocmeste un proces verbal de constatare, se refuza primirea si plata coletului. Orice reclamatii ulterioare, cu privire la aceste aspecte, sunt nule.<\/p>\n<p>Costul transportului se adauga automat la comanda efectuata si este suportat de cumparator.<\/p>\n<p>Costurile de transport si timpul de livrare difera in functie de localitatea de destinatie. Pentru toate produsele aflate in stoc termenul de livrare este de 1-3 zile lucratoare de la data plasarii comenzii, cu conditia ca aceasta sa se faca pana la ora 13:00. Termenul de livrare nu este contractual. In perioadele aglomerate timpul de livrare poate creste.<\/p>\n<p>Comanda poate fi ridicata si personal de la adresa fabricii. Produsele sunt rezervate din stoc pentru maxim 5 zile lucratoare. Dupa acest interval, rezervarile se vor sterge automat.<\/p>\n<p>Toate informatiile privind expeditia vor fi comunicate pe adresa de e-mail din comanda plasata.<\/p>\n<p>La primul colet neridicat, ne rezervam dreptul de a nu mai expedia in sistem ramburs, ci doar cu plata efectuata online, prin card bancar.<\/p>\n<p><strong>Livrarea la mai multe adrese:<\/strong><\/p>\n<p>Pentru a livra produsele c\u0103tre mai multe adrese, v\u0103 rug\u0103m s\u0103 plasa\u021bi comenzi diferite.<\/p>\n<p>Nu se fac livr\u0103ri \u00een afara teritoriului Rom\u00e2niei.<\/p>\n<\/div><\/div><\/div><\/div><\/div><\/div><\/div><!-- cell_inner --><\/div><!-- cell --><\/div><!-- port --><\/section>","protected":false},"excerpt":{"rendered":"<p>This is an example page. It&#8217;s different from a blog post because it will stay in one place and will show up in your site navigation (in most themes).<\/p>","protected":false},"author":1,"featured_media":0,"parent":0,"menu_order":0,"comment_status":"closed","ping_status":"closed","template":"","meta":{"footnotes":""},"class_list":["post-2479","page","type-page","status-publish","hentry"],"_links":{"self":[{"href":"https:\/\/rosianexpress.agencybusiness.ro\/ro\/wp-json\/wp\/v2\/pages\/2479","targetHints":{"allow":["GET"]}}],"collection":[{"href":"https:\/\/rosianexpress.agencybusiness.ro\/ro\/wp-json\/wp\/v2\/pages"}],"about":[{"href":"https:\/\/rosianexpress.agencybusiness.ro\/ro\/wp-json\/wp\/v2\/types\/page"}],"author":[{"embeddable":true,"href":"https:\/\/rosianexpress.agencybusiness.ro\/ro\/wp-json\/wp\/v2\/users\/1"}],"replies":[{"embeddable":true,"href":"https:\/\/rosianexpress.agencybusiness.ro\/ro\/wp-json\/wp\/v2\/comments?post=2479"}],"version-history":[{"count":5,"href":"https:\/\/rosianexpress.agencybusiness.ro\/ro\/wp-json\/wp\/v2\/pages\/2479\/revisions"}],"predecessor-version":[{"id":2823,"href":"https:\/\/rosianexpress.agencybusiness.ro\/ro\/wp-json\/wp\/v2\/pages\/2479\/revisions\/2823"}],"wp:attachment":[{"href":"https:\/\/rosianexpress.agencybusiness.ro\/ro\/wp-json\/wp\/v2\/media?parent=2479"}],"curies":[{"name":"wp","href":"https:\/\/api.w.org\/{rel}","templated":true}]}}