{"id":2374,"date":"2024-07-17T23:13:30","date_gmt":"2024-07-17T23:13:30","guid":{"rendered":"https:\/\/rosianexpress.agencybusiness.ro\/?post_type=product&#038;p=2374"},"modified":"2024-07-20T13:27:58","modified_gmt":"2024-07-20T13:27:58","slug":"remy-medias","status":"publish","type":"product","link":"https:\/\/rosianexpress.agencybusiness.ro\/ro\/p\/remy-medias\/","title":{"rendered":"Remy Medias"},"content":{"rendered":"<p>Remy is a board game known and loved by fans, ideal for spending time with family and friends. The excellent combination of strategy and luck guarantees fun and relaxation for all players.<\/p>\n<p class=\" translation-block\"><strong>Dezvolt\u0103:<\/strong> g\u00e2ndirea, concentrarea, aten\u021bia distributiv\u0103, spiritul competitiv.<br>\n<strong>Num\u0103r de juc\u0103tori:<\/strong> poate fi jucat de 2, 3 sau 4 juc\u0103tori.<br>\n<strong>V\u00e2rst\u0103 recomandat\u0103:<\/strong> 6+.<br>\n<strong>Dimensiuni:<\/strong> 36.5 x 11.5 x 6.5 cm.<br>\n<strong>Aten\u021bie!<\/strong> Con\u021bine piese mici care pot fi \u00eenghi\u021bite. A nu se l\u0103sa la \u00eendem\u00e2na copiilor sub 3 ani. A se feri produsul de foc, temperaturi ridicate, umiditate ridicat\u0103.<br>\n<strong>Fabricat \u00een Rom\u00e2nia<\/strong><\/p>","protected":false},"excerpt":{"rendered":"<p>Un set elegant de calitate superioar\u0103, cu piese foarte rezistente la uzur\u0103, cu un sunet specific la ciocnire, piese care \u00ee\u021bi vor aduce aminte de anii copil\u0103riei.\n\nCutia jocului este fabricat\u0103 din lemn masiv, l\u0103cuit\u0103 cu lac incolor.<\/p>","protected":false},"featured_media":2375,"comment_status":"open","ping_status":"closed","template":"","meta":[],"product_cat":[49],"product_tag":[48],"class_list":{"0":"post-2374","1":"product","2":"type-product","3":"status-publish","4":"has-post-thumbnail","6":"product_cat-board-games","7":"product_tag-remy","9":"first","10":"instock","11":"shipping-taxable","12":"purchasable","13":"product-type-simple"},"_links":{"self":[{"href":"https:\/\/rosianexpress.agencybusiness.ro\/ro\/wp-json\/wp\/v2\/product\/2374","targetHints":{"allow":["GET"]}}],"collection":[{"href":"https:\/\/rosianexpress.agencybusiness.ro\/ro\/wp-json\/wp\/v2\/product"}],"about":[{"href":"https:\/\/rosianexpress.agencybusiness.ro\/ro\/wp-json\/wp\/v2\/types\/product"}],"replies":[{"embeddable":true,"href":"https:\/\/rosianexpress.agencybusiness.ro\/ro\/wp-json\/wp\/v2\/comments?post=2374"}],"wp:featuredmedia":[{"embeddable":true,"href":"https:\/\/rosianexpress.agencybusiness.ro\/ro\/wp-json\/wp\/v2\/media\/2375"}],"wp:attachment":[{"href":"https:\/\/rosianexpress.agencybusiness.ro\/ro\/wp-json\/wp\/v2\/media?parent=2374"}],"wp:term":[{"taxonomy":"product_cat","embeddable":true,"href":"https:\/\/rosianexpress.agencybusiness.ro\/ro\/wp-json\/wp\/v2\/product_cat?post=2374"},{"taxonomy":"product_tag","embeddable":true,"href":"https:\/\/rosianexpress.agencybusiness.ro\/ro\/wp-json\/wp\/v2\/product_tag?post=2374"}],"curies":[{"name":"wp","href":"https:\/\/api.w.org\/{rel}","templated":true}]}}