{"id":2441,"date":"2024-07-18T01:28:23","date_gmt":"2024-07-18T01:28:23","guid":{"rendered":"https:\/\/rosianexpress.agencybusiness.ro\/?post_type=product&#038;p=2441"},"modified":"2024-07-20T13:27:49","modified_gmt":"2024-07-20T13:27:49","slug":"2-in-1-chess-backgammon-medias-44-cm","status":"publish","type":"product","link":"https:\/\/rosianexpress.agencybusiness.ro\/ro\/p\/2-in-1-chess-backgammon-medias-44-cm\/","title":{"rendered":"2 in 1 Chess &#038; Backgammon Medias 44 cm"},"content":{"rendered":"<p class=\" translation-block\">2-\u00een-1 \u0218ah &amp; Table sunt jocuri pentru doi juc\u0103tori, de tip strategie, g\u00e2ndire \u0219i noroc. Combina\u021bia excelent\u0103 de strategie \u0219i noroc garanteaz\u0103 distrac\u021bie \u0219i relaxare pentru to\u021bi juc\u0103torii.<br>\n<strong>V\u00e2rst\u0103 recomandat\u0103<\/strong>: 6+<br>\n<strong>Aten\u021bie!<\/strong> Con\u021bine piese mici care pot fi \u00eenghi\u021bite. A nu se l\u0103sa la \u00eendem\u00e2na copiilor sub 3 ani. A se feri produsul de foc, temperaturi ridicate \u0219i umiditate.<\/p>\n<p><strong>Fabricat in Romania.<\/strong><\/p>","protected":false},"excerpt":{"rendered":"<p>Joc 2 in 1, \u0218ah \u0219i Table, fabricat \u00een Rom\u00e2nia. Cutia jocului este din lemn masiv, l\u0103cuit. Piesele sunt, de asemenea, din lemn masiv l\u0103cuit. Diametrul pieselor este de 32 mm. Jocul de \u0218ah contine 32 piese, \u00een dou\u0103 culori. Jocul de Table con\u021bine 30 de puluri, \u00een dou\u0103 culori \u0219i dou\u0103 zaruri. Dimensiune 44 cm.<\/p>","protected":false},"featured_media":2442,"comment_status":"open","ping_status":"closed","template":"","meta":[],"product_cat":[49],"product_tag":[46,47],"class_list":{"0":"post-2441","1":"product","2":"type-product","3":"status-publish","4":"has-post-thumbnail","6":"product_cat-board-games","7":"product_tag-backgammon","8":"product_tag-chess","10":"first","11":"instock","12":"shipping-taxable","13":"purchasable","14":"product-type-simple"},"_links":{"self":[{"href":"https:\/\/rosianexpress.agencybusiness.ro\/ro\/wp-json\/wp\/v2\/product\/2441","targetHints":{"allow":["GET"]}}],"collection":[{"href":"https:\/\/rosianexpress.agencybusiness.ro\/ro\/wp-json\/wp\/v2\/product"}],"about":[{"href":"https:\/\/rosianexpress.agencybusiness.ro\/ro\/wp-json\/wp\/v2\/types\/product"}],"replies":[{"embeddable":true,"href":"https:\/\/rosianexpress.agencybusiness.ro\/ro\/wp-json\/wp\/v2\/comments?post=2441"}],"wp:featuredmedia":[{"embeddable":true,"href":"https:\/\/rosianexpress.agencybusiness.ro\/ro\/wp-json\/wp\/v2\/media\/2442"}],"wp:attachment":[{"href":"https:\/\/rosianexpress.agencybusiness.ro\/ro\/wp-json\/wp\/v2\/media?parent=2441"}],"wp:term":[{"taxonomy":"product_cat","embeddable":true,"href":"https:\/\/rosianexpress.agencybusiness.ro\/ro\/wp-json\/wp\/v2\/product_cat?post=2441"},{"taxonomy":"product_tag","embeddable":true,"href":"https:\/\/rosianexpress.agencybusiness.ro\/ro\/wp-json\/wp\/v2\/product_tag?post=2441"}],"curies":[{"name":"wp","href":"https:\/\/api.w.org\/{rel}","templated":true}]}}