{"id":2449,"date":"2024-07-18T01:32:17","date_gmt":"2024-07-18T01:32:17","guid":{"rendered":"https:\/\/rosianexpress.agencybusiness.ro\/?post_type=product&#038;p=2449"},"modified":"2024-07-20T13:27:33","modified_gmt":"2024-07-20T13:27:33","slug":"2-in-1-chess-and-backgammon-medias-32-cm","status":"publish","type":"product","link":"https:\/\/rosianexpress.agencybusiness.ro\/ro\/p\/2-in-1-chess-and-backgammon-medias-32-cm\/","title":{"rendered":"2 in 1 Chess &#038; Backgammon Medias 32 cm"},"content":{"rendered":"<p>Joc \u0219ah &amp; table, 2 in 1, sunt jocuri de strategie, g\u00e2ndire \u0219i noroc pentru doi juc\u0103tori. Combina\u021bia excelent\u0103 de strategie \u0219i noroc garanteaz\u0103 distrac\u021bie \u0219i relaxare pentru to\u021bi juc\u0103torii.<\/p>\n<p><strong>Varsta recomandata:<\/strong> 6+<\/p>\n<p>Avertisment! Con\u021bine p\u0103r\u021bi mici ce pot fi \u00eenghi\u021bite. A nu se l\u0103sa la \u00eendem\u00e2na copiilor mai mici de 3 ani. P\u0103stra\u021bi produsul departe de foc, temperaturi ridicate, umiditate.<\/p>\n<p><strong>Fabricat in Romania.<\/strong><\/p>","protected":false},"excerpt":{"rendered":"<p>Joc 2 in 1, \u0218ah \u0219i Table, fabricat cu grij\u0103 \u00een Rom\u00e2nia. Creat pentru sporirea concentr\u0103rii \u0219i \u00eembun\u0103t\u0103\u021birea memoriei, \u0219ahul este un sport al min\u021bii, care \u00eembin\u0103 armonis logica, \u0219tiin\u021ba \u0219i strategia cu pasiunea, cu scopul evident de a stimula dezvoltarea continu\u0103 \u0219i echilibrat\u0103 a tinerelor genera\u021bii \u0219i nu numai. Dimensiune 32 cm.<\/p>","protected":false},"featured_media":2445,"comment_status":"open","ping_status":"closed","template":"","meta":[],"product_cat":[49],"product_tag":[46,47],"class_list":{"0":"post-2449","1":"product","2":"type-product","3":"status-publish","4":"has-post-thumbnail","6":"product_cat-board-games","7":"product_tag-backgammon","8":"product_tag-chess","10":"first","11":"instock","12":"shipping-taxable","13":"purchasable","14":"product-type-simple"},"_links":{"self":[{"href":"https:\/\/rosianexpress.agencybusiness.ro\/ro\/wp-json\/wp\/v2\/product\/2449","targetHints":{"allow":["GET"]}}],"collection":[{"href":"https:\/\/rosianexpress.agencybusiness.ro\/ro\/wp-json\/wp\/v2\/product"}],"about":[{"href":"https:\/\/rosianexpress.agencybusiness.ro\/ro\/wp-json\/wp\/v2\/types\/product"}],"replies":[{"embeddable":true,"href":"https:\/\/rosianexpress.agencybusiness.ro\/ro\/wp-json\/wp\/v2\/comments?post=2449"}],"wp:featuredmedia":[{"embeddable":true,"href":"https:\/\/rosianexpress.agencybusiness.ro\/ro\/wp-json\/wp\/v2\/media\/2445"}],"wp:attachment":[{"href":"https:\/\/rosianexpress.agencybusiness.ro\/ro\/wp-json\/wp\/v2\/media?parent=2449"}],"wp:term":[{"taxonomy":"product_cat","embeddable":true,"href":"https:\/\/rosianexpress.agencybusiness.ro\/ro\/wp-json\/wp\/v2\/product_cat?post=2449"},{"taxonomy":"product_tag","embeddable":true,"href":"https:\/\/rosianexpress.agencybusiness.ro\/ro\/wp-json\/wp\/v2\/product_tag?post=2449"}],"curies":[{"name":"wp","href":"https:\/\/api.w.org\/{rel}","templated":true}]}}