{"id":2450,"date":"2024-07-18T01:33:57","date_gmt":"2024-07-18T01:33:57","guid":{"rendered":"https:\/\/rosianexpress.agencybusiness.ro\/?post_type=product&#038;p=2450"},"modified":"2024-07-20T13:27:24","modified_gmt":"2024-07-20T13:27:24","slug":"2-in-1-chess-and-backgammon-medias-26-cm","status":"publish","type":"product","link":"https:\/\/rosianexpress.agencybusiness.ro\/ro\/p\/2-in-1-chess-and-backgammon-medias-26-cm\/","title":{"rendered":"2 in 1 Chess &#038; Backgammon Medias 26 cm"},"content":{"rendered":"<p>Joc \u0219ah &amp; table, 2 in 1, sunt jocuri de strategie, g\u00e2ndire \u0219i noroc pentru doi juc\u0103tori. Combina\u021bia excelent\u0103 de strategie \u0219i noroc garanteaz\u0103 distrac\u021bie \u0219i relaxare pentru to\u021bi juc\u0103torii.<\/p>\n<p class=\" translation-block\"><strong>V\u00e2rst\u0103 recomandat\u0103<\/strong>: 6+<br>\n<strong>Dimensiunile cutiei<\/strong>: 26 x 13 x 4 cm<br>\n<strong>Dimensiunile tablei de joc<\/strong>: 26 x 26 x 2 cm<br>\n<strong>Aten\u021bie<\/strong>! Con\u021bine piese mici care pot fi \u00eenghi\u021bite. A nu se l\u0103sa la \u00eendem\u00e2na copiilor sub 3 ani. A se feri produsul de foc, temperaturi ridicate \u0219i umiditate.<\/p>\n<p><strong>Fabricat in Romania.<\/strong><\/p>","protected":false},"excerpt":{"rendered":"<p>Joc 2 in 1, \u0218ah \u0219i Table, fabricat cu grij\u0103 \u00een Rom\u00e2nia. Cutia jocului este din lemn masiv, l\u0103cuit. Piesele sunt, de asemenea, din lemn masiv l\u0103cuit. Diametrul pieselor este de 2 cm. Jocul de \u0218ah contine 32 piese, \u00een dou\u0103 culori. Jocul de Table con\u021bine 30 de puluri \u00een dou\u0103 culori \u0219i dou\u0103 zaruri.<\/p>","protected":false},"featured_media":2451,"comment_status":"open","ping_status":"closed","template":"","meta":[],"product_cat":[49],"product_tag":[46,47],"class_list":{"0":"post-2450","1":"product","2":"type-product","3":"status-publish","4":"has-post-thumbnail","6":"product_cat-board-games","7":"product_tag-backgammon","8":"product_tag-chess","10":"first","11":"instock","12":"shipping-taxable","13":"purchasable","14":"product-type-simple"},"_links":{"self":[{"href":"https:\/\/rosianexpress.agencybusiness.ro\/ro\/wp-json\/wp\/v2\/product\/2450","targetHints":{"allow":["GET"]}}],"collection":[{"href":"https:\/\/rosianexpress.agencybusiness.ro\/ro\/wp-json\/wp\/v2\/product"}],"about":[{"href":"https:\/\/rosianexpress.agencybusiness.ro\/ro\/wp-json\/wp\/v2\/types\/product"}],"replies":[{"embeddable":true,"href":"https:\/\/rosianexpress.agencybusiness.ro\/ro\/wp-json\/wp\/v2\/comments?post=2450"}],"wp:featuredmedia":[{"embeddable":true,"href":"https:\/\/rosianexpress.agencybusiness.ro\/ro\/wp-json\/wp\/v2\/media\/2451"}],"wp:attachment":[{"href":"https:\/\/rosianexpress.agencybusiness.ro\/ro\/wp-json\/wp\/v2\/media?parent=2450"}],"wp:term":[{"taxonomy":"product_cat","embeddable":true,"href":"https:\/\/rosianexpress.agencybusiness.ro\/ro\/wp-json\/wp\/v2\/product_cat?post=2450"},{"taxonomy":"product_tag","embeddable":true,"href":"https:\/\/rosianexpress.agencybusiness.ro\/ro\/wp-json\/wp\/v2\/product_tag?post=2450"}],"curies":[{"name":"wp","href":"https:\/\/api.w.org\/{rel}","templated":true}]}}