{"id":2452,"date":"2024-07-18T01:43:01","date_gmt":"2024-07-18T01:43:01","guid":{"rendered":"https:\/\/rosianexpress.agencybusiness.ro\/?post_type=product&#038;p=2452"},"modified":"2024-07-20T13:27:06","modified_gmt":"2024-07-20T13:27:06","slug":"the-mill-and-backgammon","status":"publish","type":"product","link":"https:\/\/rosianexpress.agencybusiness.ro\/ro\/p\/the-mill-and-backgammon\/","title":{"rendered":"The Mill &#038; Backgammon"},"content":{"rendered":"<p>Moara este un joc de strategie recreativ. Dezvolt\u0103: g\u00e2ndirea, concentrarea, spiritul competitiv.<\/p>\n<p class=\" translation-block\"><strong>Jocul include:<\/strong> 18 piese din lemn \u00een dou\u0103 culori, o tabl\u0103 de joc din lemn, 2 zaruri.<\/p>\n<p class=\" translation-block\"><strong>Num\u0103r de juc\u0103tori:<\/strong> poate fi jucat de 2 juc\u0103tori.<br>\n<strong>V\u00e2rst\u0103 recomandat\u0103:<\/strong> 5+.<br>\n<strong>Dimensiuni:<\/strong> 26 x 13 cm.<br>\n<strong>Fabricat \u00een Rom\u00e2nia.<\/strong><\/p>\n<p class=\" translation-block\"><strong>Aten\u021bie!<\/strong> Con\u021bine piese mici care pot fi \u00eenghi\u021bite. A nu se l\u0103sa la \u00eendem\u00e2na copiilor sub 3 ani. A se feri produsul de foc, temperaturi ridicate \u0219i umiditate ridicat\u0103.<\/p>","protected":false},"excerpt":{"rendered":"<p>Moara este un joc recreativ de strategie. Dezvolta: gandirea, concentrarea, spiritul competitiv.<\/p>","protected":false},"featured_media":2453,"comment_status":"open","ping_status":"closed","template":"","meta":[],"product_cat":[49],"product_tag":[46,45],"class_list":{"0":"post-2452","1":"product","2":"type-product","3":"status-publish","4":"has-post-thumbnail","6":"product_cat-board-games","7":"product_tag-backgammon","8":"product_tag-mill","10":"first","11":"instock","12":"shipping-taxable","13":"purchasable","14":"product-type-simple"},"_links":{"self":[{"href":"https:\/\/rosianexpress.agencybusiness.ro\/ro\/wp-json\/wp\/v2\/product\/2452","targetHints":{"allow":["GET"]}}],"collection":[{"href":"https:\/\/rosianexpress.agencybusiness.ro\/ro\/wp-json\/wp\/v2\/product"}],"about":[{"href":"https:\/\/rosianexpress.agencybusiness.ro\/ro\/wp-json\/wp\/v2\/types\/product"}],"replies":[{"embeddable":true,"href":"https:\/\/rosianexpress.agencybusiness.ro\/ro\/wp-json\/wp\/v2\/comments?post=2452"}],"wp:featuredmedia":[{"embeddable":true,"href":"https:\/\/rosianexpress.agencybusiness.ro\/ro\/wp-json\/wp\/v2\/media\/2453"}],"wp:attachment":[{"href":"https:\/\/rosianexpress.agencybusiness.ro\/ro\/wp-json\/wp\/v2\/media?parent=2452"}],"wp:term":[{"taxonomy":"product_cat","embeddable":true,"href":"https:\/\/rosianexpress.agencybusiness.ro\/ro\/wp-json\/wp\/v2\/product_cat?post=2452"},{"taxonomy":"product_tag","embeddable":true,"href":"https:\/\/rosianexpress.agencybusiness.ro\/ro\/wp-json\/wp\/v2\/product_tag?post=2452"}],"curies":[{"name":"wp","href":"https:\/\/api.w.org\/{rel}","templated":true}]}}